{"id":933,"date":"2019-08-12T12:30:12","date_gmt":"2019-08-12T10:30:12","guid":{"rendered":"https:\/\/mingarden.de\/?page_id=933"},"modified":"2025-10-16T13:54:34","modified_gmt":"2025-10-16T11:54:34","slug":"agb","status":"publish","type":"page","link":"https:\/\/mingarden.de\/?page_id=933","title":{"rendered":"Allgemeine Gesch\u00e4ftsbedingungen"},"content":{"rendered":"\n<p>Diese AGB gelten f\u00fcr alle Gastaufnahmevertr\u00e4ge, die zwischen dem Hotel Mingarden in Deutschland mit Dritten (Gast) abgeschlossen werden sowie f\u00fcr alle erbrachten weiteren Leistungen und Lieferungen vom Hotel Mingarden.<\/p>\n\n\n\n<p>&nbsp;<br>2. Reservierungen\/ Weiterverkauf<\/p>\n\n\n\n<p>Durch die Annahme einer vom Gast vorgenommenen Reservierung ist ein Beherbergungsvertrag zustande gekommen. Diese Vereinbarung, in Form einer Reservierung von bestellten Zimmern, ist f\u00fcr beide Vertragspartner bindend.  Es besteht kein Anspruch auf Inanspruchnahme der \u00dcbernachtungsdienstleistung in einem bestimmten Zimmer, sofern nicht ausdr\u00fccklich best\u00e4tigt. Das Hotel Mingarden beh\u00e4lt sich das Recht vor, nach Ablauf der Reservierung, die reservierten Zimmer anderweitig zu vermieten. Der Gast erh\u00e4lt durch das Hotel Mingarden eine verbindliche Buchungs- bzw. Reservierungsnummer, auf ausdr\u00fccklichen Wunsch auch eine schriftliche Reservierungsbest\u00e4tigung. Das Hotel Mingarden beh\u00e4lt sich das Recht vor, branchen\u00fcbliche Restriktionen wie Mindestaufenthalte, Buchungsgarantien oder Anzahlungen f\u00fcr bestimmte Daten zu definieren.<br>Der Weiterverkauf\/-vermietung und\/ oder die Weitervermittlung von gebuchten Zimmern ist untersagt. Insbesondere ist die Weitervermittlung von Zimmern und\/oder Zimmerkontingenten an Dritte zu h\u00f6heren Preisen als den tats\u00e4chlichen Zimmerpreisen unzul\u00e4ssig. Auch die Abtretung oder der Verkauf des Anspruchs gegen das Hotel Mingarden ist nicht zul\u00e4ssig. Das Hotel Mingarden ist in diesen F\u00e4llen berechtigt, die Buchung zu stornieren, insbesondere wenn der Gast bei der Abtretung\/ dem Verkauf gegen\u00fcber dem Dritten unwahre Angaben \u00fcber die Art der Buchung oder die Bezahlung gemacht hat. Eine Nutzung des Hotelzimmers zu einem anderen als dem Beherbergungszweck ist ausdr\u00fccklich untersagt.<\/p>\n\n\n\n<p>In begr\u00fcndeten F\u00e4llen, z.B. Zahlungsr\u00fcckstand des Kunden, ist das Hotel berechtigt, weitere Leistungen abzulehnen.<\/p>\n\n\n\n<p>&nbsp;<br>3. Garantierte Reservierungen, Stornofristen<br>Ungarantierte Reservierungen verfallen nach 18:00 Uhr am Anreisetag. Sie m\u00fcssen nicht storniert werden. Eine garantierte Reservierung liegt dann vor, wenn der Gast die \u00dcbernachtungsdienstleistung mittels Kreditkartenummer best\u00e4tigt und die bestellten Zimmer nicht vor 18.00 Uhr am Anreisetag storniert. Bei Nichterscheinen des Gastes (No Show) wird der volle Betrag des gebuchten Aufenthaltes abz\u00fcglich etwa ersparter Aufwendungen berechnet. F\u00fcr Buchungen im Rahmen eines Kontingentvertrages oder f\u00fcr eine Reservierung von mehr als f\u00fcnf Zimmern pro Nacht, gelten die in diesen Vertr\u00e4gen vereinbarten Stornofristen und sonstigen Vereinbarungen. F\u00fcr Buchungen w\u00e4hrend Events und Messezeiten gilt eine gesonderdete Stornierungsfrist. <\/p>\n\n\n\n<p><br>4. Vorauszahlung des \u00dcbernachtungspreises<br>Der Preis der gesamten gebuchten \u00dcbernachtungsdienstleistung ist durch den Gast wie in der schriftlichen Reservierungsbest\u00e4tigung zu leisten. Erfolgt diese nicht wie best\u00e4tigt, sehen wir uns im Recht, die Buchung zu stornieren. <\/p>\n\n\n\n<p><br>5. Steuern\/ Geb\u00fchren\/ Abgaben<br>Die geltenden Preise sind Bruttogesamtpreise und beinhalten alle gesetzlichen Steuern, Geb\u00fchren und Abgaben. F\u00fcr den Fall der \u00c4nderung von Steuer-, Geb\u00fchren-, und Abgabens\u00e4tzen sowie der wirksamen Erhebung neuer, den Parteien bisher unbekannter Steuern, Geb\u00fchren und Abgaben beh\u00e4lt sich das Hotel Mingarden vor, die Preise entsprechend anzupassen.<\/p>\n\n\n\n<p>&nbsp;<br>6. Zahlungsmittel\/ Dienstleistungen auf sp\u00e4ter zu bezahlende Rechnungen<br>G\u00fcltige Zahlungsmittel sind Bargeld in Euro, EC Karte, Master Card, und Visa Card  in Euro. Die Abgabe von Dienstleistungen auf sp\u00e4ter zu bezahlende Rechnung ist nicht m\u00f6glich.<\/p>\n\n\n\n<p><\/p>\n\n\n\n<p>&nbsp;<br>7. Nutzungsm\u00f6glichkeiten reservierter Zimmer<br>Reservierte Zimmer stehen dem Gast ab 14.00 Uhr des Anreisetages, sowie bis 12.00 Uhr am Abreisetag zur Verf\u00fcgung.Danach kann das Hotel aufgrund der versp\u00e4teten R\u00e4umung des Zimmers f\u00fcr dessen vertrags\u00fcberschreitende Nutzung bis 14:00 Uhr 50% des vollen Logispreises (Listenpreises) in Rechnung stellen, danach100%.<br><\/p>\n\n\n\n<p>8. Haftung<\/p>\n\n\n\n<p>Das Hotel haftet f\u00fcr seine Verpflichtungen aus dem Vertrag. Anspr\u00fcche des Kunden auf Schadensersatz sind ausgeschlossen. Hiervon ausgenommen sind Sch\u00e4den aus der Verletzung des Lebens, des K\u00f6rpers oder der Gesundheit, wenn das Hotel die Pflichtverletzung zu vertreten hat, sonstige Sch\u00e4den, die auf einer vors\u00e4tzlichen oder grob fahrl\u00e4ssigen Pflichtverletzung des Hotels beruhen und Sch\u00e4den, die auf einer vors\u00e4tzlichen oder fahrl\u00e4ssigen Verletzung von vertragstypischen Pflichten des Hotels beruhen. Sollten St\u00f6rungen oder M\u00e4ngel an den Leistungen des Hotels auftreten, wird das Hotel bei Kenntnis oder auf unverz\u00fcgliche R\u00fcge des Kunden bem\u00fcht sein, f\u00fcr Abhilfe zu sorgen. Der Kunde ist verpflichtet, das ihm Zumutbare beizutragen, um die St\u00f6rung zu beheben und einen m\u00f6glichen Schaden gering zu halten. <\/p>\n\n\n\n<p>F\u00fcr eingebrachte Sachen haftet das Hotel dem Kunden nach den gesetzlichen Bestimmungen. Danach ist die Haftung beschr\u00e4nkt auf das Hundertfache des Zimmerpreises, jedoch h\u00f6chstens \u20ac 3.500,-und abweichend f\u00fcr Geld, Wertpapieren und Kostbarkeiten h\u00f6chstens bis zu \u20ac 800,-. Geld, Wertpapiere und Kostbarkeiten k\u00f6nnen bis zu einem H\u00f6chstwert von \u20ac 3.500,-im Hotelsafe aufbewahrt werden. <\/p>\n\n\n\n<p>Soweit dem Kunden ein Stellplatz in der Garage oder auf einem Hotelparkplatz, auch gegen Entgelt, zur Verf\u00fcgung gestellt wird, kommt dadurch kein Verwahrungsvertrag zustande. Bei Abhandenkommen oder Besch\u00e4digung auf dem Hotelgrundst\u00fcck abgestellter oder rangierter Kraftfahrzeuge, Anh\u00e4nger, Motorr\u00e4der oder Anh\u00e4nger und deren Inhalte haftet das Hotel nicht, au\u00dfer bei Vorsatz oder grober Fahrl\u00e4ssigkeit. <\/p>\n\n\n\n<p>&nbsp;<br>9. Mitgebrachte Speisen und Getr\u00e4nke<br>In den \u00f6ffentlichen Bereichen ist das Verzehren von mitgebrachten Speisen und Getr\u00e4nken untersagt. Das Fr\u00fchst\u00fcck kann nur in den daf\u00fcr vorgesehenen R\u00e4umlichkeiten des \u00f6ffentlichen Bereiches (Bar, Lounge) eingenommen werden. Die Mitnahme von angebotenen Fr\u00fchst\u00fccksbestandteilen ist nicht m\u00f6glich. Auf den Zimmern ist die Zubereitung von Speisen untersagt.<\/p>\n\n\n\n<p>\u00a0<br>10. Nichtrauchen im Hotel<br>Unser Hotel ist ein Nichtraucherhotel. Es ist daher untersagt, sowohl in den \u00f6ffentlichen Bereichen, als auch in den G\u00e4stezimmern zu rauchen. F\u00fcr den Fall einer Zuwiderhandlung hat Hotel Mingarden das Recht, vom Gast als Schadensersatz f\u00fcr die gesondert aufzuwendenden Reinigungskosten einschlie\u00dflich eventueller Umsatzeinbu\u00dfen aus einer hieraus nicht m\u00f6glichen Vermietung des Zimmers einen Betrag in H\u00f6he von EUR 200,00 zu verlangen. Dieser Schadensersatzbetrag ist h\u00f6her oder niedriger anzusetzen, wenn das Hotel einen h\u00f6heren oder der Gast einen geringeren Schaden nachweist.<\/p>\n\n\n\n<p>&nbsp;<br>11. Haustiere<br>Das Mitbringen eines Haustieres bedarf der Zustimmung des Hotels.. Der Gast ist dazu verpflichtet, den Wunsch, ein Haustier mitzubringen, vorab bekannt zu geben. Wenn das Hotel dem Mitbringen des Haustieres zustimmt, so geschieht dies unter der Voraussetzung, dass das Haustier unter der st\u00e4ndigen Aufsicht des Gastes steht sowie frei von Krankheiten ist und auch sonst keine Gefahr f\u00fcr die Hotelg\u00e4ste und das Hotelpersonal darstellt. F\u00fcr das Haustier f\u00e4llt eine Geb\u00fchr von EUR 10,00 pro Nacht an.<\/p>\n\n\n\n<p>&nbsp;<br>12. Gruppenbuchungen<br>F\u00fcr Buchungen ab elf Zimmern k\u00f6nnen nur garantierte Reservierungen bei entsprechender Vorauszahlung erfolgen. Zus\u00e4tzlich gelten hier die gesonderten Vertragsbestimmungen der jeweiligen Hotels.<\/p>\n\n\n\n<p><\/p>\n\n\n\n<p>13. Schlussbestimmung<\/p>\n\n\n\n<p>\u00c4nderungen und Erg\u00e4nzungen des Vertrages oder dieser Allgemeinen Gesch\u00e4ftsbedingungen sollen in Textform erfolgen. Einseitige \u00c4nderungen oder Erg\u00e4nzungen durch den Kunden sind unwirksam. <\/p>\n\n\n\n<p>Erf\u00fcllungs-und Zahlungsort ist der Standort des Hotels. <\/p>\n\n\n\n<p>Es gilt deutsches Recht. Die Anwendung des UN-Kaufrechts und des Kollisionsrechts oder \u00e4hnlichem ist ausgeschlossen. <\/p>\n\n\n\n<p>Sollten einzelne Bestimmungen dieser Allgemeinen Gesch\u00e4ftsbedingungen unwirksam oder nichtig sein oder werden, so wird dadurch die Wirksamkeit der \u00fcbrigen Bestimmungen nicht ber\u00fchrt. Im \u00dcbrigen gelten die gesetzlichen Vorschriften. <\/p>\n\n\n\n<p>Hotel Mingarden, D\u00fcsseldorf August 2024<\/p>\n","protected":false},"excerpt":{"rendered":"<p>Diese AGB gelten f\u00fcr alle Gastaufnahmevertr\u00e4ge, die zwischen dem Hotel Mingarden in Deutschland mit Dritten (Gast) abgeschlossen werden sowie f\u00fcr alle erbrachten weiteren Leistungen und Lieferungen vom Hotel Mingarden. &nbsp;2. Reservierungen\/ Weiterverkauf Durch die Annahme einer vom Gast vorgenommenen Reservierung ist ein Beherbergungsvertrag zustande gekommen. Diese Vereinbarung, in Form einer Reservierung von bestellten Zimmern, ist [&hellip;]<\/p>\n","protected":false},"author":2,"featured_media":0,"parent":0,"menu_order":0,"comment_status":"closed","ping_status":"closed","template":"","meta":{"footnotes":""},"class_list":["post-933","page","type-page","status-publish","hentry"],"_links":{"self":[{"href":"https:\/\/mingarden.de\/index.php?rest_route=\/wp\/v2\/pages\/933","targetHints":{"allow":["GET"]}}],"collection":[{"href":"https:\/\/mingarden.de\/index.php?rest_route=\/wp\/v2\/pages"}],"about":[{"href":"https:\/\/mingarden.de\/index.php?rest_route=\/wp\/v2\/types\/page"}],"author":[{"embeddable":true,"href":"https:\/\/mingarden.de\/index.php?rest_route=\/wp\/v2\/users\/2"}],"replies":[{"embeddable":true,"href":"https:\/\/mingarden.de\/index.php?rest_route=%2Fwp%2Fv2%2Fcomments&post=933"}],"version-history":[{"count":10,"href":"https:\/\/mingarden.de\/index.php?rest_route=\/wp\/v2\/pages\/933\/revisions"}],"predecessor-version":[{"id":2124,"href":"https:\/\/mingarden.de\/index.php?rest_route=\/wp\/v2\/pages\/933\/revisions\/2124"}],"wp:attachment":[{"href":"https:\/\/mingarden.de\/index.php?rest_route=%2Fwp%2Fv2%2Fmedia&parent=933"}],"curies":[{"name":"wp","href":"https:\/\/api.w.org\/{rel}","templated":true}]}}