{"id":632,"date":"2019-02-25T10:31:55","date_gmt":"2019-02-25T09:31:55","guid":{"rendered":"http:\/\/mingarden.eu\/?page_id=632"},"modified":"2024-01-29T08:47:45","modified_gmt":"2024-01-29T07:47:45","slug":"impressum","status":"publish","type":"page","link":"https:\/\/mingarden.de\/?page_id=632","title":{"rendered":"Impressum"},"content":{"rendered":"\n<p>Angaben gem\u00e4\u00df \u00a7 5 TMG: \n<\/p>\n\n\n\n<p><strong>Hotel MinGarden<\/strong> <br>Minmetals Germany GmbH <br>Kaiserswerther Str. 22 <br>40477 D\u00fcsseldorf <br><strong>Telefon:<\/strong> +49 (0)211 49 68 68<br><strong>E-Mail:<\/strong> <a href=\"javascript:linkTo_UnCryptMailto('jxfiql7obpbosxqflkXjfkdxoabk+ab');\">reservation@mingarden.de<\/a><br><strong>Internet:<\/strong> <a rel=\"noreferrer noopener\" href=\"http:\/\/www.mingarden.de\" target=\"_blank\">www.mingarden.de<\/a> <\/p>\n\n\n\n<p><strong>Gesch\u00e4ftsf\u00fchrer:\u00a0<\/strong>Chengrui Wei (Anschrift wie oben) <\/p>\n\n\n\n<p><strong>Management: <\/strong>Katrin K\u00fchne<\/p>\n\n\n\n<p><strong>Handelsregister:<\/strong> D\u00fcsseldorf HRB 20762 <br><strong>Umsatzsteuer-Identifikationsnummer gem\u00e4\u00df \u00a7 27 a Umsatzsteuergesetz:<\/strong> DE 119254476 \n<\/p>\n\n\n\n<p><strong>Inhaltlich Verantwortlicher gem\u00e4\u00df \u00a7 55 Abs. 2 RStV:<\/strong> Miriam Lesinski<\/p>\n\n\n\n<p><strong>Webdesign\/Webmaster:<\/strong> <br>Miriam Lesinski<\/p>\n\n\n\n<p><strong>Fotos:<\/strong> Pixabay, Miriam Lesinski<\/p>\n\n\n\n<p><strong>Haftungsausschluss:<\/strong> \n<\/p>\n\n\n\n<p>a. Haftung f\u00fcr Inhalte Die Inhalte unserer Seiten \nwurden mit gr\u00f6\u00dfter Sorgfalt erstellt. F\u00fcr die Richtigkeit, \nVollst\u00e4ndigkeit und Aktualit\u00e4t der Inhalte k\u00f6nnen wir jedoch keine \nGew\u00e4hr \u00fcbernehmen. Als Diensteanbieter sind wir gem\u00e4\u00df \u00a7 7 Abs.1 TMG f\u00fcr \neigene Inhalte auf diesen Seiten nach den allgemeinen Gesetzen \nverantwortlich. Nach \u00a7\u00a7 8 bis 10 TMG sind wir als Diensteanbieter jedoch\n nicht verpflichtet, \u00fcbermittelte oder gespeicherte fremde Informationen\n zu \u00fcberwachen oder nach Umst\u00e4nden zu forschen, die auf eine \nrechtswidrige T\u00e4tigkeit hinweisen. Verpflichtungen zur Entfernung oder \nSperrung der Nutzung von Informationen nach den allgemeinen Gesetzen \nbleiben hiervon unber\u00fchrt. Eine diesbez\u00fcgliche Haftung ist jedoch erst \nab dem Zeitpunkt der Kenntnis einer konkreten Rechtsverletzung m\u00f6glich. \nBei Bekanntwerden von entsprechenden Rechtsverletzungen werden wir diese\n Inhalte umgehend entfernen. \n<\/p>\n\n\n\n<p>b. Haftung f\u00fcr Links Unser Angebot enth\u00e4lt Links zu \nexternen Webseiten Dritter, auf deren Inhalte wir keinen Einfluss haben.\n Deshalb k\u00f6nnen wir f\u00fcr diese fremden Inhalte auch keine Gew\u00e4hr \n\u00fcbernehmen. F\u00fcr die Inhalte der verlinkten Seiten ist stets der \njeweilige Anbieter oder Betreiber der Seiten verantwortlich. Die \nverlinkten Seiten wurden zum Zeitpunkt der Verlinkung auf m\u00f6gliche \nRechtsverst\u00f6\u00dfe \u00fcberpr\u00fcft. Rechtswidrige Inhalte waren zum Zeitpunkt der \nVerlinkung nicht erkennbar. Eine permanente inhaltliche Kontrolle der \nverlinkten Seiten ist jedoch ohne konkrete Anhaltspunkte einer \nRechtsverletzung nicht zumutbar. Bei Bekanntwerden von \nRechtsverletzungen werden wir derartige Links umgehend entfernen. \n<\/p>\n\n\n\n<p> c. Urheberrecht Die durch die Seitenbetreiber \nerstellten Inhalte und Werke auf diesen Seiten unterliegen dem deutschen\n Urheberrecht. Die Vervielf\u00e4ltigung, Bearbeitung, Verbreitung und jede \nArt der Verwertung au\u00dferhalb der Grenzen des Urheberrechtes bed\u00fcrfen der\n schriftlichen Zustimmung des jeweiligen Autors bzw. Erstellers. \nDownloads und Kopien dieser Seite sind nur f\u00fcr den privaten, nicht \nkommerziellen Gebrauch gestattet. Soweit die Inhalte auf dieser Seite \nnicht vom Betreiber erstellt wurden, werden die Urheberrechte Dritter \nbeachtet. Insbesondere werden Inhalte Dritter als solche gekennzeichnet.\n Sollten Sie trotzdem auf eine Urheberrechtsverletzung aufmerksam \nwerden, bitten wir um einen entsprechenden Hinweis. Bei Bekanntwerden \nvon Rechtsverletzungen werden wir derartige Inhalte umgehend entfernen. \n<\/p>\n\n\n\n<p>d. Datenschutz Die Nutzung unserer Webseite ist in \nder Regel ohne Angabe personenbezogener Daten m\u00f6glich. Soweit auf \nunseren Seiten personenbezogene Daten (beispielsweise Name, Anschrift \noder eMail-Adressen) erhoben werden, erfolgt dies, soweit m\u00f6glich, stets\n auf freiwilliger Basis. Diese Daten werden ohne Ihre ausdr\u00fcckliche \nZustimmung nicht an Dritte weitergegeben. \n<\/p>\n\n\n\n<p>Wir weisen darauf hin, dass die Daten\u00fcbertragung im \nInternet (z.B. bei der Kommunikation per E-Mail) Sicherheitsl\u00fccken \naufweisen kann. Ein l\u00fcckenloser Schutz der Daten vor dem Zugriff durch \nDritte ist nicht m\u00f6glich. Der Nutzung von im Rahmen der \nImpressumspflicht ver\u00f6ffentlichten Kontaktdaten durch Dritte zur \n\u00dcbersendung von nicht ausdr\u00fccklich angeforderter Werbung und \nInformationsmaterialien wird hiermit ausdr\u00fccklich widersprochen. Die \nBetreiber der Seiten behalten sich ausdr\u00fccklich rechtliche Schritte im \nFalle der unverlangten Zusendung von Werbeinformationen, etwa durch \nSpam-Mails, vor. <\/p>\n","protected":false},"excerpt":{"rendered":"<p>Angaben gem\u00e4\u00df \u00a7 5 TMG: Hotel MinGarden Minmetals Germany GmbH Kaiserswerther Str. 22 40477 D\u00fcsseldorf Telefon: +49 (0)211 49 68 68E-Mail: reservation@mingarden.deInternet: www.mingarden.de Gesch\u00e4ftsf\u00fchrer:\u00a0Chengrui Wei (Anschrift wie oben) Management: Katrin K\u00fchne Handelsregister: D\u00fcsseldorf HRB 20762 Umsatzsteuer-Identifikationsnummer gem\u00e4\u00df \u00a7 27 a Umsatzsteuergesetz: DE 119254476 Inhaltlich Verantwortlicher gem\u00e4\u00df \u00a7 55 Abs. 2 RStV: Miriam Lesinski Webdesign\/Webmaster: Miriam [&hellip;]<\/p>\n","protected":false},"author":2,"featured_media":613,"parent":0,"menu_order":0,"comment_status":"closed","ping_status":"closed","template":"","meta":{"footnotes":""},"class_list":["post-632","page","type-page","status-publish","has-post-thumbnail","hentry"],"_links":{"self":[{"href":"https:\/\/mingarden.de\/index.php?rest_route=\/wp\/v2\/pages\/632","targetHints":{"allow":["GET"]}}],"collection":[{"href":"https:\/\/mingarden.de\/index.php?rest_route=\/wp\/v2\/pages"}],"about":[{"href":"https:\/\/mingarden.de\/index.php?rest_route=\/wp\/v2\/types\/page"}],"author":[{"embeddable":true,"href":"https:\/\/mingarden.de\/index.php?rest_route=\/wp\/v2\/users\/2"}],"replies":[{"embeddable":true,"href":"https:\/\/mingarden.de\/index.php?rest_route=%2Fwp%2Fv2%2Fcomments&post=632"}],"version-history":[{"count":7,"href":"https:\/\/mingarden.de\/index.php?rest_route=\/wp\/v2\/pages\/632\/revisions"}],"predecessor-version":[{"id":2089,"href":"https:\/\/mingarden.de\/index.php?rest_route=\/wp\/v2\/pages\/632\/revisions\/2089"}],"wp:featuredmedia":[{"embeddable":true,"href":"https:\/\/mingarden.de\/index.php?rest_route=\/wp\/v2\/media\/613"}],"wp:attachment":[{"href":"https:\/\/mingarden.de\/index.php?rest_route=%2Fwp%2Fv2%2Fmedia&parent=632"}],"curies":[{"name":"wp","href":"https:\/\/api.w.org\/{rel}","templated":true}]}}