{"id":62,"date":"2019-01-30T11:55:01","date_gmt":"2019-01-30T10:55:01","guid":{"rendered":"http:\/\/mingarden.eu\/?page_id=62"},"modified":"2023-01-16T19:24:02","modified_gmt":"2023-01-16T18:24:02","slug":"zimmer","status":"publish","type":"page","link":"https:\/\/mingarden.de\/?page_id=62","title":{"rendered":"Zimmer &#038; Reservierung"},"content":{"rendered":"\n<p class=\"has-text-align-center has-medium-font-size\"> <strong>Unsere Zimmer zeichnen sich durch Helligkeit, Ruhe, Komfort und vor  allem Ger\u00e4umigkeit aus. Bei allen unseren Zimmern handelt es sich um  ger\u00e4umige Doppelzimmer welche nat\u00fcrlich zur Einzel- oder Doppelnutzung  angeboten werden.  Alle Zimmer sind mit Telefon,  Wlan\/Lan, Schreibtisch, Haartrockner, Sitzm\u00f6glichkeit, Kofferablage, Safe, Shampoo&amp;Bodywash, Satelliten TV  und auf Wunsch mit Minibar  ausgestattet. Eine gratis Flasche 0,75l Gerolsteiner steht f\u00fcr Sie bei Anreise bereit.  In der Lobby steht kostenfrei Tee, Kaffee und Wasser f\u00fcr Sie bereit. <\/strong><\/p>\n\n\n\n<p><\/p>\n\n\n\n<h2 class=\"has-text-align-center wp-block-heading\"><strong>Folgende Zimmerkategorien bieten wir an&#8230;.<\/strong><\/h2>\n\n\n\n<p><\/p>\n\n\n\n<p class=\"has-medium-font-size\"><strong>Standard Zimmer:            <\/strong>                                                                          <\/p>\n\n\n\n<p class=\"has-text-align-left\">Gem\u00fctliches 26qm Doppelzimmer zur ruhigen Einbahnstrasse gelegen, mit modernem Duschbad. Zwei komfortable 100x200cm Boxspringbetten laden zu einem erholsamen Schlaf ein. Gern auch als Einzelnutzung oder Twin-Zimmer buchbar.<\/p>\n\n\n\n<figure class=\"wp-block-gallery has-nested-images columns-default is-cropped wp-block-gallery-1 is-layout-flex wp-block-gallery-is-layout-flex\">\n<figure class=\"wp-block-image size-large\"><img loading=\"lazy\" decoding=\"async\" width=\"1024\" height=\"680\" data-id=\"364\" src=\"https:\/\/mingarden.de\/wp-content\/uploads\/2019\/02\/m-1024x680.jpg\" alt=\"\" class=\"wp-image-364\" srcset=\"https:\/\/mingarden.de\/wp-content\/uploads\/2019\/02\/m-1024x680.jpg 1024w, https:\/\/mingarden.de\/wp-content\/uploads\/2019\/02\/m-300x199.jpg 300w, https:\/\/mingarden.de\/wp-content\/uploads\/2019\/02\/m-768x510.jpg 768w, https:\/\/mingarden.de\/wp-content\/uploads\/2019\/02\/m-892x593.jpg 892w, https:\/\/mingarden.de\/wp-content\/uploads\/2019\/02\/m-150x100.jpg 150w\" sizes=\"auto, (max-width: 1024px) 100vw, 1024px\" \/><figcaption class=\"wp-element-caption\">Standard Zimmer<\/figcaption><\/figure>\n\n\n\n<figure class=\"wp-block-image size-large\"><img loading=\"lazy\" decoding=\"async\" width=\"1024\" height=\"680\" data-id=\"204\" src=\"https:\/\/mingarden.de\/wp-content\/uploads\/2019\/02\/Hotel2019-17-of-83-1024x680.jpg\" alt=\"\" class=\"wp-image-204\" srcset=\"https:\/\/mingarden.de\/wp-content\/uploads\/2019\/02\/Hotel2019-17-of-83-1024x680.jpg 1024w, https:\/\/mingarden.de\/wp-content\/uploads\/2019\/02\/Hotel2019-17-of-83-300x199.jpg 300w, https:\/\/mingarden.de\/wp-content\/uploads\/2019\/02\/Hotel2019-17-of-83-768x510.jpg 768w, https:\/\/mingarden.de\/wp-content\/uploads\/2019\/02\/Hotel2019-17-of-83-892x593.jpg 892w, https:\/\/mingarden.de\/wp-content\/uploads\/2019\/02\/Hotel2019-17-of-83-150x100.jpg 150w\" sizes=\"auto, (max-width: 1024px) 100vw, 1024px\" \/><figcaption class=\"wp-element-caption\">Standard Zimmer<\/figcaption><\/figure>\n\n\n\n<figure class=\"wp-block-image size-large\"><img loading=\"lazy\" decoding=\"async\" width=\"1024\" height=\"680\" data-id=\"214\" src=\"https:\/\/mingarden.de\/wp-content\/uploads\/2019\/02\/Hotel2019-71-of-83-1024x680.jpg\" alt=\"\" class=\"wp-image-214\" srcset=\"https:\/\/mingarden.de\/wp-content\/uploads\/2019\/02\/Hotel2019-71-of-83-1024x680.jpg 1024w, https:\/\/mingarden.de\/wp-content\/uploads\/2019\/02\/Hotel2019-71-of-83-300x199.jpg 300w, https:\/\/mingarden.de\/wp-content\/uploads\/2019\/02\/Hotel2019-71-of-83-768x510.jpg 768w, https:\/\/mingarden.de\/wp-content\/uploads\/2019\/02\/Hotel2019-71-of-83-892x593.jpg 892w, https:\/\/mingarden.de\/wp-content\/uploads\/2019\/02\/Hotel2019-71-of-83-150x100.jpg 150w\" sizes=\"auto, (max-width: 1024px) 100vw, 1024px\" \/><figcaption class=\"wp-element-caption\">Standard Zimmer<\/figcaption><\/figure>\n<\/figure>\n\n\n\n<p><\/p>\n\n\n\n<p class=\"has-medium-font-size\"><strong>Komfort Zimmer:   <\/strong>                                                                                   <\/p>\n\n\n\n<p>Komfortables 29qm Doppelzimmer mit Balkon zur ruhigen Einbahnstrasse gelegen. Das Badezimmer mit gro\u00dfer Dusche ist  hell und bietet viel Ablagefl\u00e4che.  Zwei komfortable 100x200cm Boxspringbetten laden zu einem erholsamen Schlaf ein. Gern auch als Einzelnutzung oder Twin-Zimmer buchbar.<\/p>\n\n\n\n<figure class=\"wp-block-gallery has-nested-images columns-default is-cropped wp-block-gallery-2 is-layout-flex wp-block-gallery-is-layout-flex\">\n<figure class=\"wp-block-image size-large\"><img loading=\"lazy\" decoding=\"async\" width=\"1024\" height=\"680\" data-id=\"206\" src=\"https:\/\/mingarden.de\/wp-content\/uploads\/2019\/02\/Hotel2019-20-of-83-1024x680.jpg\" alt=\"\" class=\"wp-image-206\" srcset=\"https:\/\/mingarden.de\/wp-content\/uploads\/2019\/02\/Hotel2019-20-of-83-1024x680.jpg 1024w, https:\/\/mingarden.de\/wp-content\/uploads\/2019\/02\/Hotel2019-20-of-83-300x199.jpg 300w, https:\/\/mingarden.de\/wp-content\/uploads\/2019\/02\/Hotel2019-20-of-83-768x510.jpg 768w, https:\/\/mingarden.de\/wp-content\/uploads\/2019\/02\/Hotel2019-20-of-83-892x593.jpg 892w, https:\/\/mingarden.de\/wp-content\/uploads\/2019\/02\/Hotel2019-20-of-83-150x100.jpg 150w\" sizes=\"auto, (max-width: 1024px) 100vw, 1024px\" \/><figcaption class=\"wp-element-caption\">Komfort Zimmer<\/figcaption><\/figure>\n\n\n\n<figure class=\"wp-block-image size-large\"><img loading=\"lazy\" decoding=\"async\" width=\"1024\" height=\"680\" data-id=\"205\" src=\"https:\/\/mingarden.de\/wp-content\/uploads\/2019\/02\/Hotel2019-19-of-83-1024x680.jpg\" alt=\"\" class=\"wp-image-205\" srcset=\"https:\/\/mingarden.de\/wp-content\/uploads\/2019\/02\/Hotel2019-19-of-83-1024x680.jpg 1024w, https:\/\/mingarden.de\/wp-content\/uploads\/2019\/02\/Hotel2019-19-of-83-300x199.jpg 300w, https:\/\/mingarden.de\/wp-content\/uploads\/2019\/02\/Hotel2019-19-of-83-768x510.jpg 768w, https:\/\/mingarden.de\/wp-content\/uploads\/2019\/02\/Hotel2019-19-of-83-892x593.jpg 892w, https:\/\/mingarden.de\/wp-content\/uploads\/2019\/02\/Hotel2019-19-of-83-150x100.jpg 150w\" sizes=\"auto, (max-width: 1024px) 100vw, 1024px\" \/><figcaption class=\"wp-element-caption\"> Komfort Zimmer <\/figcaption><\/figure>\n\n\n\n<figure class=\"wp-block-image size-large\"><img loading=\"lazy\" decoding=\"async\" width=\"1024\" height=\"680\" data-id=\"385\" src=\"https:\/\/mingarden.de\/wp-content\/uploads\/2019\/02\/th-1024x680.jpg\" alt=\"\" class=\"wp-image-385\" srcset=\"https:\/\/mingarden.de\/wp-content\/uploads\/2019\/02\/th-1024x680.jpg 1024w, https:\/\/mingarden.de\/wp-content\/uploads\/2019\/02\/th-300x199.jpg 300w, https:\/\/mingarden.de\/wp-content\/uploads\/2019\/02\/th-768x510.jpg 768w, https:\/\/mingarden.de\/wp-content\/uploads\/2019\/02\/th-892x593.jpg 892w, https:\/\/mingarden.de\/wp-content\/uploads\/2019\/02\/th-150x100.jpg 150w\" sizes=\"auto, (max-width: 1024px) 100vw, 1024px\" \/><figcaption class=\"wp-element-caption\"> Komfort Zimmer <\/figcaption><\/figure>\n<\/figure>\n\n\n\n<p><\/p>\n\n\n\n<p class=\"has-medium-font-size\"><strong>Juniorsuite:    <\/strong><\/p>\n\n\n\n<p>Gro\u00dfz\u00fcgiges, zum Garten gelegenes 34qm Doppelzimmer mit gem\u00fctlichem Wohnbereich, einer kleinen Kitchenette mit Wasserkocher f\u00fcr Kaffee und Tee. Auf dem kleinen Balkon k\u00f6nnen Sie den Blick \u00fcber die D\u00e4cher D\u00fcsseldorfs und den herrlichen Sonnenuntergang genie\u00dfen.  Das Badezimmer mit gro\u00dfer Dusche ist hell und bietet viel Ablagefl\u00e4che. Zwei komfortable 100x200cm Boxspringbetten laden zu einem erholsamen  Schlaf ein. Gern auch als Einzelnutzung oder Twin-Zimmer buchbar.   <br>Zus\u00e4tzlich ist in diesen Zimmern eine Belegung mit 3 Personen auf einem Schlafsofa (gegen Aufpreis) m\u00f6glich.  <\/p>\n\n\n\n<figure class=\"wp-block-gallery has-nested-images columns-default is-cropped wp-block-gallery-3 is-layout-flex wp-block-gallery-is-layout-flex\">\n<figure class=\"wp-block-image size-large\"><img loading=\"lazy\" decoding=\"async\" width=\"1024\" height=\"680\" data-id=\"856\" src=\"https:\/\/mingarden.de\/wp-content\/uploads\/2019\/07\/gx-1-1024x680.jpg\" alt=\"\" class=\"wp-image-856\" srcset=\"https:\/\/mingarden.de\/wp-content\/uploads\/2019\/07\/gx-1-1024x680.jpg 1024w, https:\/\/mingarden.de\/wp-content\/uploads\/2019\/07\/gx-1-300x199.jpg 300w, https:\/\/mingarden.de\/wp-content\/uploads\/2019\/07\/gx-1-768x510.jpg 768w, https:\/\/mingarden.de\/wp-content\/uploads\/2019\/07\/gx-1-892x593.jpg 892w, https:\/\/mingarden.de\/wp-content\/uploads\/2019\/07\/gx-1-150x100.jpg 150w\" sizes=\"auto, (max-width: 1024px) 100vw, 1024px\" \/><figcaption class=\"wp-element-caption\">Juniorsuite<\/figcaption><\/figure>\n\n\n\n<figure class=\"wp-block-image size-large\"><img loading=\"lazy\" decoding=\"async\" width=\"1024\" height=\"681\" data-id=\"857\" src=\"https:\/\/mingarden.de\/wp-content\/uploads\/2019\/07\/hm-1024x681.jpg\" alt=\"\" class=\"wp-image-857\" srcset=\"https:\/\/mingarden.de\/wp-content\/uploads\/2019\/07\/hm-1024x681.jpg 1024w, https:\/\/mingarden.de\/wp-content\/uploads\/2019\/07\/hm-300x199.jpg 300w, https:\/\/mingarden.de\/wp-content\/uploads\/2019\/07\/hm-768x510.jpg 768w, https:\/\/mingarden.de\/wp-content\/uploads\/2019\/07\/hm-892x594.jpg 892w, https:\/\/mingarden.de\/wp-content\/uploads\/2019\/07\/hm-150x100.jpg 150w\" sizes=\"auto, (max-width: 1024px) 100vw, 1024px\" \/><figcaption class=\"wp-element-caption\">Juniorsuite<\/figcaption><\/figure>\n\n\n\n<figure class=\"wp-block-image size-large\"><img loading=\"lazy\" decoding=\"async\" width=\"1024\" height=\"680\" data-id=\"859\" src=\"https:\/\/mingarden.de\/wp-content\/uploads\/2019\/07\/hjdkx-2-1024x680.jpg\" alt=\"\" class=\"wp-image-859\" srcset=\"https:\/\/mingarden.de\/wp-content\/uploads\/2019\/07\/hjdkx-2-1024x680.jpg 1024w, https:\/\/mingarden.de\/wp-content\/uploads\/2019\/07\/hjdkx-2-300x199.jpg 300w, https:\/\/mingarden.de\/wp-content\/uploads\/2019\/07\/hjdkx-2-768x510.jpg 768w, https:\/\/mingarden.de\/wp-content\/uploads\/2019\/07\/hjdkx-2-892x593.jpg 892w, https:\/\/mingarden.de\/wp-content\/uploads\/2019\/07\/hjdkx-2-150x100.jpg 150w\" sizes=\"auto, (max-width: 1024px) 100vw, 1024px\" \/><figcaption class=\"wp-element-caption\">Juniorsuite<\/figcaption><\/figure>\n<\/figure>\n\n\n\n<p><\/p>\n\n\n\n<p class=\"has-medium-font-size\"><strong>Familienzimmer:<\/strong> <\/p>\n\n\n\n<p>Unsere gem\u00fctlichen 32qm Familienzimmer verf\u00fcgen \u00fcber zwei getrennte Schlafr\u00e4ume und sind \u00fcber einen kleinen Flur mit einem privaten Bad mit gro\u00dfer Dusche verbunden. Zwei komfortable 100x200cm Boxspringbetten sowie ein franz\u00f6sisches 140x200cm Boxspringbett laden zu einem erholsamen Schlaf ein. <\/p>\n\n\n\n<figure class=\"wp-block-gallery has-nested-images columns-default is-cropped wp-block-gallery-4 is-layout-flex wp-block-gallery-is-layout-flex\">\n<figure class=\"wp-block-image size-large\"><img loading=\"lazy\" decoding=\"async\" width=\"1024\" height=\"680\" data-id=\"352\" src=\"https:\/\/mingarden.de\/wp-content\/uploads\/2019\/02\/FZ-Doppel--1024x680.jpg\" alt=\"\" class=\"wp-image-352\" srcset=\"https:\/\/mingarden.de\/wp-content\/uploads\/2019\/02\/FZ-Doppel--1024x680.jpg 1024w, https:\/\/mingarden.de\/wp-content\/uploads\/2019\/02\/FZ-Doppel--300x199.jpg 300w, https:\/\/mingarden.de\/wp-content\/uploads\/2019\/02\/FZ-Doppel--768x510.jpg 768w, https:\/\/mingarden.de\/wp-content\/uploads\/2019\/02\/FZ-Doppel--892x593.jpg 892w, https:\/\/mingarden.de\/wp-content\/uploads\/2019\/02\/FZ-Doppel--150x100.jpg 150w\" sizes=\"auto, (max-width: 1024px) 100vw, 1024px\" \/><figcaption class=\"wp-element-caption\">Familienzimmer<\/figcaption><\/figure>\n\n\n\n<figure class=\"wp-block-image size-large\"><img loading=\"lazy\" decoding=\"async\" width=\"1024\" height=\"680\" data-id=\"353\" src=\"https:\/\/mingarden.de\/wp-content\/uploads\/2019\/02\/FZ-Einzel-1-1024x680.jpg\" alt=\"\" class=\"wp-image-353\" srcset=\"https:\/\/mingarden.de\/wp-content\/uploads\/2019\/02\/FZ-Einzel-1-1024x680.jpg 1024w, https:\/\/mingarden.de\/wp-content\/uploads\/2019\/02\/FZ-Einzel-1-300x199.jpg 300w, https:\/\/mingarden.de\/wp-content\/uploads\/2019\/02\/FZ-Einzel-1-768x510.jpg 768w, https:\/\/mingarden.de\/wp-content\/uploads\/2019\/02\/FZ-Einzel-1-892x593.jpg 892w, https:\/\/mingarden.de\/wp-content\/uploads\/2019\/02\/FZ-Einzel-1-150x100.jpg 150w\" sizes=\"auto, (max-width: 1024px) 100vw, 1024px\" \/><figcaption class=\"wp-element-caption\"> Familienzimmer <\/figcaption><\/figure>\n\n\n\n<figure class=\"wp-block-image size-large\"><img loading=\"lazy\" decoding=\"async\" width=\"400\" height=\"256\" data-id=\"261\" src=\"https:\/\/mingarden.de\/wp-content\/uploads\/2019\/02\/MinGarden-Duesseldorf-Familienzimmer-2-168821.jpg\" alt=\"\" class=\"wp-image-261\" srcset=\"https:\/\/mingarden.de\/wp-content\/uploads\/2019\/02\/MinGarden-Duesseldorf-Familienzimmer-2-168821.jpg 400w, https:\/\/mingarden.de\/wp-content\/uploads\/2019\/02\/MinGarden-Duesseldorf-Familienzimmer-2-168821-300x192.jpg 300w\" sizes=\"auto, (max-width: 400px) 100vw, 400px\" \/><figcaption class=\"wp-element-caption\"> Familienzimmer <\/figcaption><\/figure>\n<\/figure>\n\n\n\n<p><\/p>\n\n\n\n<p class=\"has-text-align-center has-large-font-size\"><strong>Wir sind ein reines Nichtraucher Hotel.<\/strong> <strong> <\/strong><\/p>\n\n\n\n<p><\/p>\n","protected":false},"excerpt":{"rendered":"<p>Unsere Zimmer zeichnen sich durch Helligkeit, Ruhe, Komfort und vor allem Ger\u00e4umigkeit aus. Bei allen unseren Zimmern handelt es sich um ger\u00e4umige Doppelzimmer welche nat\u00fcrlich zur Einzel- oder Doppelnutzung angeboten werden. Alle Zimmer sind mit Telefon, Wlan\/Lan, Schreibtisch, Haartrockner, Sitzm\u00f6glichkeit, Kofferablage, Safe, Shampoo&amp;Bodywash, Satelliten TV und auf Wunsch mit Minibar ausgestattet. Eine gratis Flasche 0,75l [&hellip;]<\/p>\n","protected":false},"author":1,"featured_media":6,"parent":0,"menu_order":0,"comment_status":"closed","ping_status":"closed","template":"template-front-page.php","meta":{"footnotes":""},"class_list":["post-62","page","type-page","status-publish","has-post-thumbnail","hentry"],"_links":{"self":[{"href":"https:\/\/mingarden.de\/index.php?rest_route=\/wp\/v2\/pages\/62","targetHints":{"allow":["GET"]}}],"collection":[{"href":"https:\/\/mingarden.de\/index.php?rest_route=\/wp\/v2\/pages"}],"about":[{"href":"https:\/\/mingarden.de\/index.php?rest_route=\/wp\/v2\/types\/page"}],"author":[{"embeddable":true,"href":"https:\/\/mingarden.de\/index.php?rest_route=\/wp\/v2\/users\/1"}],"replies":[{"embeddable":true,"href":"https:\/\/mingarden.de\/index.php?rest_route=%2Fwp%2Fv2%2Fcomments&post=62"}],"version-history":[{"count":43,"href":"https:\/\/mingarden.de\/index.php?rest_route=\/wp\/v2\/pages\/62\/revisions"}],"predecessor-version":[{"id":2045,"href":"https:\/\/mingarden.de\/index.php?rest_route=\/wp\/v2\/pages\/62\/revisions\/2045"}],"wp:featuredmedia":[{"embeddable":true,"href":"https:\/\/mingarden.de\/index.php?rest_route=\/wp\/v2\/media\/6"}],"wp:attachment":[{"href":"https:\/\/mingarden.de\/index.php?rest_route=%2Fwp%2Fv2%2Fmedia&parent=62"}],"curies":[{"name":"wp","href":"https:\/\/api.w.org\/{rel}","templated":true}]}}