{"id":557,"date":"2019-02-18T12:57:08","date_gmt":"2019-02-18T11:57:08","guid":{"rendered":"http:\/\/mingarden.eu\/?page_id=557"},"modified":"2019-02-18T12:58:06","modified_gmt":"2019-02-18T11:58:06","slug":"additional-services","status":"publish","type":"page","link":"https:\/\/mingarden.de\/?page_id=557&lang=en","title":{"rendered":"Additional services"},"content":{"rendered":"<div class=\"mphb_sc_services-wrapper \">    <div class=\"services-inner-wrapper\">\n    <div class=\"mphb-service post-242 mphb_room_service type-mphb_room_service status-publish has-post-thumbnail mphb-service-pay-per-adult mphb-service-pay-per-night\">\r\n\r\n\t\r\n\r\n\t    <\/a>\n    <p class=\"mphb-loop-service-thumbnail\">    <a href=\"https:\/\/mingarden.de\/?mphb_room_service=fruehstueck\">\n    \r\n\t<img loading=\"lazy\" decoding=\"async\" width=\"892\" height=\"594\" src=\"https:\/\/mingarden.de\/wp-content\/uploads\/2019\/02\/coffee-722270_1920-1-892x594.jpg\" class=\"attachment-post-thumbnail size-post-thumbnail wp-post-image\" alt=\"\" srcset=\"https:\/\/mingarden.de\/wp-content\/uploads\/2019\/02\/coffee-722270_1920-1-892x594.jpg 892w, https:\/\/mingarden.de\/wp-content\/uploads\/2019\/02\/coffee-722270_1920-1-300x200.jpg 300w, https:\/\/mingarden.de\/wp-content\/uploads\/2019\/02\/coffee-722270_1920-1-768x511.jpg 768w, https:\/\/mingarden.de\/wp-content\/uploads\/2019\/02\/coffee-722270_1920-1-1024x682.jpg 1024w, https:\/\/mingarden.de\/wp-content\/uploads\/2019\/02\/coffee-722270_1920-1-150x100.jpg 150w, https:\/\/mingarden.de\/wp-content\/uploads\/2019\/02\/coffee-722270_1920-1.jpg 1920w\" sizes=\"auto, (max-width: 892px) 100vw, 892px\" \/>\r\n\t<\/p>\r\n\r\n\r\n\r\n<h2 class=\"mphb-service-title\">\r\n<a href=\"https:\/\/mingarden.de\/?mphb_room_service=fruehstueck\">Fr\u00fchst\u00fcck<\/a>\r\n<\/h2>\r\n\r\n<p>Genie\u00dfen Sie morgens unser reichhaltiges, interkontinentales Fr\u00fchst\u00fccksbuffet in unserem ger\u00e4umigen, Fr\u00fchst\u00fccksraum oder auf der liebevoll eingedeckten Gartenterrasse. Unser Fr\u00fchst\u00fccksbuffet steht ihnen von Montag bis Freitag in der Zeit von 07:00 Uhr bis 09:30 Uhr, und am Wochenende von 08:00 Uhr bis 11:00 Uhr zur Verf\u00fcgung.<\/p>\n\r\n\r\n<\/div><div class=\"mphb-service post-393 mphb_room_service type-mphb_room_service status-publish has-post-thumbnail\">\r\n\r\n\t\r\n\r\n\t    <\/a>\n    <p class=\"mphb-loop-service-thumbnail\">    <a href=\"https:\/\/mingarden.de\/?mphb_room_service=wochenend-romatik-paket\">\n    \r\n\t<img loading=\"lazy\" decoding=\"async\" width=\"892\" height=\"595\" src=\"https:\/\/mingarden.de\/wp-content\/uploads\/2019\/02\/roses-690085_1920-892x595.jpg\" class=\"attachment-post-thumbnail size-post-thumbnail wp-post-image\" alt=\"\" srcset=\"https:\/\/mingarden.de\/wp-content\/uploads\/2019\/02\/roses-690085_1920-892x594.jpg 892w, https:\/\/mingarden.de\/wp-content\/uploads\/2019\/02\/roses-690085_1920-300x200.jpg 300w, https:\/\/mingarden.de\/wp-content\/uploads\/2019\/02\/roses-690085_1920-768x512.jpg 768w, https:\/\/mingarden.de\/wp-content\/uploads\/2019\/02\/roses-690085_1920-1024x683.jpg 1024w, https:\/\/mingarden.de\/wp-content\/uploads\/2019\/02\/roses-690085_1920-150x100.jpg 150w, https:\/\/mingarden.de\/wp-content\/uploads\/2019\/02\/roses-690085_1920.jpg 1920w\" sizes=\"auto, (max-width: 892px) 100vw, 892px\" \/>\r\n\t<\/p>\r\n\r\n\r\n\r\n<h2 class=\"mphb-service-title\">\r\n<a href=\"https:\/\/mingarden.de\/?mphb_room_service=wochenend-romatik-paket\">Wochenend-Romatik Paket<\/a>\r\n<\/h2>\r\n\r\n<p>\u00dcberraschen Sie Ihre Liebste oder Ihren Liebsten mit frischen Pralinen von unserer D\u00fcsseldorfer Pralinenmanufaktur und einer gek\u00fchlten Flasche prickelndem Cr\u00e9mant auf Ihrem Zimmer. Frische rote Rosen stehen ebenfalls f\u00fcr Sie bereit um die \u00dcberraschung perfekt zu machen.<\/p>\n\r\n\r\n<\/div><div class=\"mphb-service post-395 mphb_room_service type-mphb_room_service status-publish has-post-thumbnail mphb-service-free\">\r\n\r\n\t\r\n\r\n\t    <\/a>\n    <p class=\"mphb-loop-service-thumbnail\">    <a href=\"https:\/\/mingarden.de\/?mphb_room_service=babybett-bis-2-jahren\">\n    \r\n\t<img loading=\"lazy\" decoding=\"async\" width=\"892\" height=\"595\" src=\"https:\/\/mingarden.de\/wp-content\/uploads\/2019\/02\/booties-2047596_1920-892x595.jpg\" class=\"attachment-post-thumbnail size-post-thumbnail wp-post-image\" alt=\"\" srcset=\"https:\/\/mingarden.de\/wp-content\/uploads\/2019\/02\/booties-2047596_1920-892x594.jpg 892w, https:\/\/mingarden.de\/wp-content\/uploads\/2019\/02\/booties-2047596_1920-300x200.jpg 300w, https:\/\/mingarden.de\/wp-content\/uploads\/2019\/02\/booties-2047596_1920-768x512.jpg 768w, https:\/\/mingarden.de\/wp-content\/uploads\/2019\/02\/booties-2047596_1920-1024x683.jpg 1024w, https:\/\/mingarden.de\/wp-content\/uploads\/2019\/02\/booties-2047596_1920-150x100.jpg 150w, https:\/\/mingarden.de\/wp-content\/uploads\/2019\/02\/booties-2047596_1920.jpg 1920w\" sizes=\"auto, (max-width: 892px) 100vw, 892px\" \/>\r\n\t<\/p>\r\n\r\n\r\n\r\n<h2 class=\"mphb-service-title\">\r\n<a href=\"https:\/\/mingarden.de\/?mphb_room_service=babybett-bis-2-jahren\">Babybett bis 12 Monate<\/a>\r\n<\/h2>\r\n\r\n<p>Mit den Kleinsten der Kleinen zu reisen ist manchmal garnicht so einfach. Wir bem\u00fchen uns, Ihnen so gut es geht, Ihren Aufenthalt so stressfrei wie m\u00f6glich zu gestalten. Gern stellen wir Ihnen ein Babyreisebett mit kindgerechter Bettw\u00e4sche kostenfrei zur Verf\u00fcgung<\/p>\n\r\n\r\n<\/div><div class=\"mphb-service post-450 mphb_room_service type-mphb_room_service status-publish has-post-thumbnail mphb-service-pay-per-night\">\r\n\r\n\t\r\n\r\n\t    <\/a>\n    <p class=\"mphb-loop-service-thumbnail\">    <a href=\"https:\/\/mingarden.de\/?mphb_room_service=hund\">\n    \r\n\t<img loading=\"lazy\" decoding=\"async\" width=\"892\" height=\"594\" src=\"https:\/\/mingarden.de\/wp-content\/uploads\/2019\/02\/dog-2785074_1920-892x594.jpg\" class=\"attachment-post-thumbnail size-post-thumbnail wp-post-image\" alt=\"\" srcset=\"https:\/\/mingarden.de\/wp-content\/uploads\/2019\/02\/dog-2785074_1920-892x594.jpg 892w, https:\/\/mingarden.de\/wp-content\/uploads\/2019\/02\/dog-2785074_1920-300x200.jpg 300w, https:\/\/mingarden.de\/wp-content\/uploads\/2019\/02\/dog-2785074_1920-768x512.jpg 768w, https:\/\/mingarden.de\/wp-content\/uploads\/2019\/02\/dog-2785074_1920-1024x682.jpg 1024w, https:\/\/mingarden.de\/wp-content\/uploads\/2019\/02\/dog-2785074_1920-150x100.jpg 150w, https:\/\/mingarden.de\/wp-content\/uploads\/2019\/02\/dog-2785074_1920.jpg 1920w\" sizes=\"auto, (max-width: 892px) 100vw, 892px\" \/>\r\n\t<\/p>\r\n\r\n\r\n\r\n<h2 class=\"mphb-service-title\">\r\n<a href=\"https:\/\/mingarden.de\/?mphb_room_service=hund\">Hund<\/a>\r\n<\/h2>\r\n\r\n<p>Und manchmal darf der vierbeinige Freund einfach nicht fehlen. Wir begr\u00fc\u00dfen auch die felltragenden Freunde mit Freude. &nbsp;<\/p>\n\r\n\r\n<\/div><div class=\"mphb-service post-553 mphb_room_service type-mphb_room_service status-publish has-post-thumbnail mphb-service-pay-per-adult mphb-service-pay-per-night\">\r\n\r\n\t\r\n\r\n\t    <\/a>\n    <p class=\"mphb-loop-service-thumbnail\">    <a href=\"https:\/\/mingarden.de\/?mphb_room_service=breakfast&#038;lang=en\">\n    \r\n\t<img loading=\"lazy\" decoding=\"async\" width=\"892\" height=\"594\" src=\"https:\/\/mingarden.de\/wp-content\/uploads\/2019\/02\/coffee-722270_1920-892x594.jpg\" class=\"attachment-post-thumbnail size-post-thumbnail wp-post-image\" alt=\"\" srcset=\"https:\/\/mingarden.de\/wp-content\/uploads\/2019\/02\/coffee-722270_1920-892x594.jpg 892w, https:\/\/mingarden.de\/wp-content\/uploads\/2019\/02\/coffee-722270_1920-300x200.jpg 300w, https:\/\/mingarden.de\/wp-content\/uploads\/2019\/02\/coffee-722270_1920-768x511.jpg 768w, https:\/\/mingarden.de\/wp-content\/uploads\/2019\/02\/coffee-722270_1920-1024x682.jpg 1024w, https:\/\/mingarden.de\/wp-content\/uploads\/2019\/02\/coffee-722270_1920-150x100.jpg 150w, https:\/\/mingarden.de\/wp-content\/uploads\/2019\/02\/coffee-722270_1920.jpg 1920w\" sizes=\"auto, (max-width: 892px) 100vw, 892px\" \/>\r\n\t<\/p>\r\n\r\n\r\n\r\n<h2 class=\"mphb-service-title\">\r\n<a href=\"https:\/\/mingarden.de\/?mphb_room_service=breakfast&#038;lang=en\">Breakfast<\/a>\r\n<\/h2>\r\n\r\n<p>Enjoy our rich, intercontinental breakfast buffet each morning in our spacious, air-conditioned breakfast room or on the lovingly covered garden terrace. Our breakfast buffet is available from Monday to Friday from 07:00 to 09:30 and on weekends from 08:00 to 11:00.<\/p>\n\r\n\r\n<\/div><div class=\"mphb-service post-554 mphb_room_service type-mphb_room_service status-publish has-post-thumbnail mphb-service-pay-per-night\">\r\n\r\n\t\r\n\r\n\t    <\/a>\n    <p class=\"mphb-loop-service-thumbnail\">    <a href=\"https:\/\/mingarden.de\/?mphb_room_service=dog&#038;lang=en\">\n    \r\n\t<img loading=\"lazy\" decoding=\"async\" width=\"892\" height=\"594\" src=\"https:\/\/mingarden.de\/wp-content\/uploads\/2019\/02\/dog-2785074_1920-892x594.jpg\" class=\"attachment-post-thumbnail size-post-thumbnail wp-post-image\" alt=\"\" srcset=\"https:\/\/mingarden.de\/wp-content\/uploads\/2019\/02\/dog-2785074_1920-892x594.jpg 892w, https:\/\/mingarden.de\/wp-content\/uploads\/2019\/02\/dog-2785074_1920-300x200.jpg 300w, https:\/\/mingarden.de\/wp-content\/uploads\/2019\/02\/dog-2785074_1920-768x512.jpg 768w, https:\/\/mingarden.de\/wp-content\/uploads\/2019\/02\/dog-2785074_1920-1024x682.jpg 1024w, https:\/\/mingarden.de\/wp-content\/uploads\/2019\/02\/dog-2785074_1920-150x100.jpg 150w, https:\/\/mingarden.de\/wp-content\/uploads\/2019\/02\/dog-2785074_1920.jpg 1920w\" sizes=\"auto, (max-width: 892px) 100vw, 892px\" \/>\r\n\t<\/p>\r\n\r\n\r\n\r\n<h2 class=\"mphb-service-title\">\r\n<a href=\"https:\/\/mingarden.de\/?mphb_room_service=dog&#038;lang=en\">Dog<\/a>\r\n<\/h2>\r\n\r\n<p>And sometimes the four-legged friend just can not be missing. We also welcome the coat-bearing friends with pleasure.<\/p>\n\r\n\r\n<\/div><div class=\"mphb-service post-555 mphb_room_service type-mphb_room_service status-publish has-post-thumbnail mphb-service-free\">\r\n\r\n\t\r\n\r\n\t    <\/a>\n    <p class=\"mphb-loop-service-thumbnail\">    <a href=\"https:\/\/mingarden.de\/?mphb_room_service=baby-cot-maximum-2-years&#038;lang=en\">\n    \r\n\t<img loading=\"lazy\" decoding=\"async\" width=\"892\" height=\"595\" src=\"https:\/\/mingarden.de\/wp-content\/uploads\/2019\/02\/booties-2047596_1920-892x595.jpg\" class=\"attachment-post-thumbnail size-post-thumbnail wp-post-image\" alt=\"\" srcset=\"https:\/\/mingarden.de\/wp-content\/uploads\/2019\/02\/booties-2047596_1920-892x594.jpg 892w, https:\/\/mingarden.de\/wp-content\/uploads\/2019\/02\/booties-2047596_1920-300x200.jpg 300w, https:\/\/mingarden.de\/wp-content\/uploads\/2019\/02\/booties-2047596_1920-768x512.jpg 768w, https:\/\/mingarden.de\/wp-content\/uploads\/2019\/02\/booties-2047596_1920-1024x683.jpg 1024w, https:\/\/mingarden.de\/wp-content\/uploads\/2019\/02\/booties-2047596_1920-150x100.jpg 150w, https:\/\/mingarden.de\/wp-content\/uploads\/2019\/02\/booties-2047596_1920.jpg 1920w\" sizes=\"auto, (max-width: 892px) 100vw, 892px\" \/>\r\n\t<\/p>\r\n\r\n\r\n\r\n<h2 class=\"mphb-service-title\">\r\n<a href=\"https:\/\/mingarden.de\/?mphb_room_service=baby-cot-maximum-2-years&#038;lang=en\">Baby Cot maximum 2 years<\/a>\r\n<\/h2>\r\n\r\n<p>Traveling with the little ones of the little ones is sometimes not that easy. We strive to make your stay as stress-free as possible. We are happy to provide you with a baby travel bed with child-friendly linen free of charge<\/p>\n\r\n\r\n<\/div><div class=\"mphb-service post-556 mphb_room_service type-mphb_room_service status-publish has-post-thumbnail\">\r\n\r\n\t\r\n\r\n\t    <\/a>\n    <p class=\"mphb-loop-service-thumbnail\">    <a href=\"https:\/\/mingarden.de\/?mphb_room_service=weekend-romance-package&#038;lang=en\">\n    \r\n\t<img loading=\"lazy\" decoding=\"async\" width=\"892\" height=\"595\" src=\"https:\/\/mingarden.de\/wp-content\/uploads\/2019\/02\/roses-690085_1920-892x595.jpg\" class=\"attachment-post-thumbnail size-post-thumbnail wp-post-image\" alt=\"\" srcset=\"https:\/\/mingarden.de\/wp-content\/uploads\/2019\/02\/roses-690085_1920-892x594.jpg 892w, https:\/\/mingarden.de\/wp-content\/uploads\/2019\/02\/roses-690085_1920-300x200.jpg 300w, https:\/\/mingarden.de\/wp-content\/uploads\/2019\/02\/roses-690085_1920-768x512.jpg 768w, https:\/\/mingarden.de\/wp-content\/uploads\/2019\/02\/roses-690085_1920-1024x683.jpg 1024w, https:\/\/mingarden.de\/wp-content\/uploads\/2019\/02\/roses-690085_1920-150x100.jpg 150w, https:\/\/mingarden.de\/wp-content\/uploads\/2019\/02\/roses-690085_1920.jpg 1920w\" sizes=\"auto, (max-width: 892px) 100vw, 892px\" \/>\r\n\t<\/p>\r\n\r\n\r\n\r\n<h2 class=\"mphb-service-title\">\r\n<a href=\"https:\/\/mingarden.de\/?mphb_room_service=weekend-romance-package&#038;lang=en\">Weekend Romance Package<\/a>\r\n<\/h2>\r\n\r\n<p>Surprise your sweetheart or your loved one with fresh chocolates from our D\u00fcsseldorf praline factory and a chilled bottle of sparkling Cr\u00e9mant in your room. Fresh red roses are also ready for you to make the surprise perfect.<\/p>\n\r\n\r\n<\/div>    <\/div>\n    <\/div>\n\n\n\n<p><\/p>\n","protected":false},"excerpt":{"rendered":"","protected":false},"author":1,"featured_media":394,"parent":0,"menu_order":0,"comment_status":"closed","ping_status":"closed","template":"template-wide-page.php","meta":{"footnotes":""},"class_list":["post-557","page","type-page","status-publish","has-post-thumbnail","hentry"],"_links":{"self":[{"href":"https:\/\/mingarden.de\/index.php?rest_route=\/wp\/v2\/pages\/557","targetHints":{"allow":["GET"]}}],"collection":[{"href":"https:\/\/mingarden.de\/index.php?rest_route=\/wp\/v2\/pages"}],"about":[{"href":"https:\/\/mingarden.de\/index.php?rest_route=\/wp\/v2\/types\/page"}],"author":[{"embeddable":true,"href":"https:\/\/mingarden.de\/index.php?rest_route=\/wp\/v2\/users\/1"}],"replies":[{"embeddable":true,"href":"https:\/\/mingarden.de\/index.php?rest_route=%2Fwp%2Fv2%2Fcomments&post=557"}],"version-history":[{"count":2,"href":"https:\/\/mingarden.de\/index.php?rest_route=\/wp\/v2\/pages\/557\/revisions"}],"predecessor-version":[{"id":559,"href":"https:\/\/mingarden.de\/index.php?rest_route=\/wp\/v2\/pages\/557\/revisions\/559"}],"wp:featuredmedia":[{"embeddable":true,"href":"https:\/\/mingarden.de\/index.php?rest_route=\/wp\/v2\/media\/394"}],"wp:attachment":[{"href":"https:\/\/mingarden.de\/index.php?rest_route=%2Fwp%2Fv2%2Fmedia&parent=557"}],"curies":[{"name":"wp","href":"https:\/\/api.w.org\/{rel}","templated":true}]}}