{"id":18,"date":"2019-01-29T17:07:24","date_gmt":"2019-01-29T16:07:24","guid":{"rendered":"http:\/\/localhost\/wordpress2\/?page_id=18"},"modified":"2025-09-11T10:57:29","modified_gmt":"2025-09-11T08:57:29","slug":"ueber-uns","status":"publish","type":"page","link":"https:\/\/mingarden.de\/","title":{"rendered":""},"content":{"rendered":"\n<h1 class=\"wp-block-heading has-text-align-center\" style=\"font-size:38px;font-style:italic;font-weight:700\"><strong>Buchen Sie bei uns garantiert den besten Preis!<\/strong><\/h1>\n\n\n\n<p class=\"has-text-align-left\" style=\"font-size:18px\"><strong>Wir sind ein kleines privat gef\u00fchrtes 4-Sterne Hotel mit 25 gem\u00fctlichen und ruhigen Zimmern in optimaler, zentraler  Lage zwischen der D\u00fcsseldorfer Altstadt, dem Messegel\u00e4nde und dem Flughafen. Mit kleinen Caf\u00e9s, abwechselungsreichen Restaurants und vielen interessanten Shoppingm\u00f6glichkeiten, in n\u00e4chster N\u00e4he, befindet sich das Hotel dennoch  in einer ruhigen Nebenstra\u00dfe und grenzt auf der R\u00fcckseite an einen  begr\u00fcnten Innenhof. Diese Kombination von lebendigem Flair und  erholsamer Ruhe ist der Garant f\u00fcr einen angenehmen Aufenthalt. <\/strong>  <\/p>\n\n\n\n<p style=\"font-size:18px\"><strong>Die Stra\u00dfenbahnen  701,&nbsp;705 und 707&nbsp;fahren direkt an der Venloer Strasse ab (170 Meter Fu\u00dfweg). Die U-Bahnstationen (U78\/U79) Nordstra\u00dfe und Ergo-Platz\/Klever Stra\u00dfe befinden ebenfalls nur wenige Meter von unserem Hotel entfernt. Ein Taxistand befindet sich direkt vor dem Haus. Und sollten Sie doch lieber laufen wollen, sind Sie in 10 Minuten am Rhein und in 15 Minuten in der Altstadt.<\/strong><\/p>\n\n\n\n<p class=\"has-text-align-center has-red-color has-text-color has-large-font-size\"><strong>Unser Hotel hat KEINE Klimaanlage!<\/strong><\/p>\n\n\n<div class=\"wp-block-image\">\n<figure class=\"aligncenter size-large is-resized\"><img loading=\"lazy\" decoding=\"async\" width=\"1024\" height=\"747\" src=\"https:\/\/mingarden.de\/wp-content\/uploads\/2025\/09\/4-Sterne_Klassifizierungsschild_2028-1024x747.jpg\" alt=\"\" class=\"wp-image-2106\" style=\"width:552px;height:401px\" srcset=\"https:\/\/mingarden.de\/wp-content\/uploads\/2025\/09\/4-Sterne_Klassifizierungsschild_2028-1024x747.jpg 1024w, https:\/\/mingarden.de\/wp-content\/uploads\/2025\/09\/4-Sterne_Klassifizierungsschild_2028-300x219.jpg 300w, https:\/\/mingarden.de\/wp-content\/uploads\/2025\/09\/4-Sterne_Klassifizierungsschild_2028-768x560.jpg 768w, https:\/\/mingarden.de\/wp-content\/uploads\/2025\/09\/4-Sterne_Klassifizierungsschild_2028-1536x1121.jpg 1536w, https:\/\/mingarden.de\/wp-content\/uploads\/2025\/09\/4-Sterne_Klassifizierungsschild_2028-2048x1494.jpg 2048w, https:\/\/mingarden.de\/wp-content\/uploads\/2025\/09\/4-Sterne_Klassifizierungsschild_2028-892x651.jpg 892w\" sizes=\"auto, (max-width: 1024px) 100vw, 1024px\" \/><\/figure>\n<\/div>\n\n\n<div class=\"wp-block-columns is-layout-flex wp-container-core-columns-is-layout-9d6595d7 wp-block-columns-is-layout-flex\">\n<div class=\"wp-block-column is-layout-flow wp-block-column-is-layout-flow\" style=\"flex-basis:100%\">\n<figure class=\"wp-block-gallery has-nested-images columns-default is-cropped wp-block-gallery-1 is-layout-flex wp-block-gallery-is-layout-flex\">\n<figure class=\"wp-block-image size-large\"><img loading=\"lazy\" decoding=\"async\" width=\"900\" height=\"350\" data-id=\"987\" src=\"https:\/\/mingarden.de\/wp-content\/uploads\/2019\/09\/New-TrustScore-Featured-Image.png\" alt=\"\" class=\"wp-image-987\" srcset=\"https:\/\/mingarden.de\/wp-content\/uploads\/2019\/09\/New-TrustScore-Featured-Image.png 900w, https:\/\/mingarden.de\/wp-content\/uploads\/2019\/09\/New-TrustScore-Featured-Image-300x117.png 300w, https:\/\/mingarden.de\/wp-content\/uploads\/2019\/09\/New-TrustScore-Featured-Image-768x299.png 768w, https:\/\/mingarden.de\/wp-content\/uploads\/2019\/09\/New-TrustScore-Featured-Image-892x347.png 892w\" sizes=\"auto, (max-width: 900px) 100vw, 900px\" \/><\/figure>\n\n\n\n<figure class=\"wp-block-image size-full\"><img loading=\"lazy\" decoding=\"async\" width=\"150\" height=\"150\" data-id=\"2115\" src=\"https:\/\/mingarden.de\/wp-content\/uploads\/2025\/09\/E-Mail-Signatur_offiziell_klassifiziert_DE.png\" alt=\"\" class=\"wp-image-2115\"\/><\/figure>\n<\/figure>\n<\/div>\n<\/div>\n\n\n\n<figure class=\"wp-block-image is-resized\"><img loading=\"lazy\" decoding=\"async\" width=\"680\" height=\"340\" src=\"https:\/\/mingarden.de\/wp-content\/uploads\/2019\/02\/dusseldorf-2098164__340.png\" alt=\"\" class=\"wp-image-259\" style=\"width:811px;height:406px\" srcset=\"https:\/\/mingarden.de\/wp-content\/uploads\/2019\/02\/dusseldorf-2098164__340.png 680w, https:\/\/mingarden.de\/wp-content\/uploads\/2019\/02\/dusseldorf-2098164__340-300x150.png 300w\" sizes=\"auto, (max-width: 680px) 100vw, 680px\" \/><\/figure>\n\n\n\n<div class=\"wp-block-group alignwide\"><div class=\"wp-block-group__inner-container is-layout-constrained wp-block-group-is-layout-constrained\">\n<p class=\"has-text-align-center has-large-font-size\"><strong>Hotel Mingarden  <\/strong><\/p>\n\n\n\n<p class=\"has-text-align-center\" style=\"font-size:32px\"><strong>Kaiserswertherstrasse 22, <\/strong>  <strong>40477 D\u00fcsseldorf<\/strong><\/p>\n\n\n\n<p class=\"has-text-align-center has-large-font-size\"><strong>Tel: +49 211 49 68 68<\/strong><\/p>\n\n\n\n<p class=\"has-text-align-center has-large-font-size\"><strong>reservation@mingarden.de<\/strong><\/p>\n<\/div><\/div>\n","protected":false},"excerpt":{"rendered":"<p>Buchen Sie bei uns garantiert den besten Preis! Wir sind ein kleines privat gef\u00fchrtes 4-Sterne Hotel mit 25 gem\u00fctlichen und ruhigen Zimmern in optimaler, zentraler Lage zwischen der D\u00fcsseldorfer Altstadt, dem Messegel\u00e4nde und dem Flughafen. Mit kleinen Caf\u00e9s, abwechselungsreichen Restaurants und vielen interessanten Shoppingm\u00f6glichkeiten, in n\u00e4chster N\u00e4he, befindet sich das Hotel dennoch in einer ruhigen [&hellip;]<\/p>\n","protected":false},"author":1,"featured_media":864,"parent":0,"menu_order":0,"comment_status":"closed","ping_status":"closed","template":"template-front-page.php","meta":{"footnotes":""},"class_list":["post-18","page","type-page","status-publish","has-post-thumbnail","hentry"],"_links":{"self":[{"href":"https:\/\/mingarden.de\/index.php?rest_route=\/wp\/v2\/pages\/18","targetHints":{"allow":["GET"]}}],"collection":[{"href":"https:\/\/mingarden.de\/index.php?rest_route=\/wp\/v2\/pages"}],"about":[{"href":"https:\/\/mingarden.de\/index.php?rest_route=\/wp\/v2\/types\/page"}],"author":[{"embeddable":true,"href":"https:\/\/mingarden.de\/index.php?rest_route=\/wp\/v2\/users\/1"}],"replies":[{"embeddable":true,"href":"https:\/\/mingarden.de\/index.php?rest_route=%2Fwp%2Fv2%2Fcomments&post=18"}],"version-history":[{"count":98,"href":"https:\/\/mingarden.de\/index.php?rest_route=\/wp\/v2\/pages\/18\/revisions"}],"predecessor-version":[{"id":2116,"href":"https:\/\/mingarden.de\/index.php?rest_route=\/wp\/v2\/pages\/18\/revisions\/2116"}],"wp:featuredmedia":[{"embeddable":true,"href":"https:\/\/mingarden.de\/index.php?rest_route=\/wp\/v2\/media\/864"}],"wp:attachment":[{"href":"https:\/\/mingarden.de\/index.php?rest_route=%2Fwp%2Fv2%2Fmedia&parent=18"}],"curies":[{"name":"wp","href":"https:\/\/api.w.org\/{rel}","templated":true}]}}